{"id":15,"date":"2020-01-22T15:48:10","date_gmt":"2020-01-22T15:48:10","guid":{"rendered":"https:\/\/www.oesup.com\/?post_type=product&#038;p=15"},"modified":"2026-05-11T10:39:28","modified_gmt":"2026-05-11T14:39:28","slug":"the-original-odor-eliminating-soap-for-uncircumcised-penises","status":"publish","type":"product","link":"https:\/\/www.oesup.com\/es\/producto\/the-original-odor-eliminating-soap-for-uncircumcised-penises\/","title":{"rendered":"OESUP"},"content":{"rendered":"<p>El primero de su clase. Un jab\u00f3n dise\u00f1ado espec\u00edficamente para el hombre no circuncidado. Elimina los olores y practica una buena higiene con nuestra f\u00f3rmula especialmente dise\u00f1ada. Garantizamos nuestro jab\u00f3n al 110%. \u00bfQu\u00e9 significa eso? Que si nuestro jab\u00f3n no te funciona, te devolvemos el dinero y te pagamos.<\/p>","protected":false},"excerpt":{"rendered":"<ul>\n<li>El \u00fanico jab\u00f3n especializado para la higiene \u00edntima masculina que elimina y previene olores y esmegma bajo el prepucio en hombres sin circuncisi\u00f3n.<\/li>\n<li>Elaborado con ingredientes naturales con propiedades antibacterianas.\u00a0<em>Descubre m\u00e1s detalles abajo.<\/em><\/li>\n<li><strong>100% garantizado.<\/strong> Si nuestro jab\u00f3n no te funciona, te devolveremos tu dinero, sin hacer preguntas.<\/li>\n<li>Env\u00edo discreto. La etiqueta de env\u00edo solo dir\u00e1 OESUP.<\/li>\n<\/ul>","protected":false},"featured_media":2159,"comment_status":"open","ping_status":"closed","template":"","meta":[],"product_brand":[],"product_cat":[15],"product_tag":[],"class_list":{"0":"post-15","1":"product","2":"type-product","3":"status-publish","4":"has-post-thumbnail","6":"product_cat-uncategorized","7":"has-subscription-plans","9":"first","10":"instock","11":"sale","12":"taxable","13":"shipping-taxable","14":"purchasable","15":"product-type-simple"},"_links":{"self":[{"href":"https:\/\/www.oesup.com\/es\/wp-json\/wp\/v2\/product\/15","targetHints":{"allow":["GET"]}}],"collection":[{"href":"https:\/\/www.oesup.com\/es\/wp-json\/wp\/v2\/product"}],"about":[{"href":"https:\/\/www.oesup.com\/es\/wp-json\/wp\/v2\/types\/product"}],"replies":[{"embeddable":true,"href":"https:\/\/www.oesup.com\/es\/wp-json\/wp\/v2\/comments?post=15"}],"wp:featuredmedia":[{"embeddable":true,"href":"https:\/\/www.oesup.com\/es\/wp-json\/wp\/v2\/media\/2159"}],"wp:attachment":[{"href":"https:\/\/www.oesup.com\/es\/wp-json\/wp\/v2\/media?parent=15"}],"wp:term":[{"taxonomy":"product_brand","embeddable":true,"href":"https:\/\/www.oesup.com\/es\/wp-json\/wp\/v2\/product_brand?post=15"},{"taxonomy":"product_cat","embeddable":true,"href":"https:\/\/www.oesup.com\/es\/wp-json\/wp\/v2\/product_cat?post=15"},{"taxonomy":"product_tag","embeddable":true,"href":"https:\/\/www.oesup.com\/es\/wp-json\/wp\/v2\/product_tag?post=15"}],"curies":[{"name":"wp","href":"https:\/\/api.w.org\/{rel}","templated":true}]}}